
{"id":3602,"date":"2022-03-22T20:27:11","date_gmt":"2022-03-23T00:27:11","guid":{"rendered":"https:\/\/northamericancabinets.com\/privacy-policy\/"},"modified":"2025-03-10T14:13:33","modified_gmt":"2025-03-10T18:13:33","slug":"vie-privee","status":"publish","type":"page","link":"https:\/\/northamericancabinets.com\/fr\/vie-privee\/","title":{"rendered":"Privacy Policy"},"content":{"rendered":"\n<div class=\"wp-block-nac-generic-top-page-title nac-generic-header\"><h6 class=\"nac-page--title\"><span class=\"nac-page--title-first\">Privacy Policy<\/span><\/h6><\/div>\n\n\n\n<h1 class=\"wp-block-heading has-text-align-center has-black-color has-text-color has-link-color has-large-font-size wp-elements-fbaac3422d90b49d7c717f61901beeb6\"><strong>Politique de protection des donn\u00e9es, de confidentialit\u00e9, de gestion des dossiers <strong>et d\u2019utilisation du mat\u00e9riel informatique<\/strong> <\/strong><\/h1>\n\n\n\n<h2 class=\"wp-block-heading has-large-font-size\">Objectif de la politique<\/h2>\n\n\n\n<p>L&rsquo;objectif de cette politique est de garantir la protection des donn\u00e9es personnelles et confidentielles trait\u00e9es par 9159-7500 Qu\u00e9bec inc. (ci-apr\u00e8s appel\u00e9 NAC) conform\u00e9ment aux lois applicables, notamment le R\u00e8glement G\u00e9n\u00e9ral sur la Protection des Donn\u00e9es (RGPD) et la l\u00e9gislation locale en mati\u00e8re de confidentialit\u00e9.<\/p>\n\n\n\n<h2 class=\"wp-block-heading has-large-font-size\">Champ d&rsquo;application<\/h2>\n\n\n\n<p>Cette politique s&rsquo;applique \u00e0 tous les employ\u00e9s et parties prenantes de NAC ayant acc\u00e8s aux donn\u00e9es personnelles ou confidentielles dans le cadre de leur travail et\/ou utilisant un ordinateur fourni par la compagnie.<\/p>\n\n\n\n<h2 class=\"wp-block-heading has-large-font-size\">Collecte et utilisation des donn\u00e9es<\/h2>\n\n\n\n<p>Toutes les donn\u00e9es personnelles doivent \u00eatre collect\u00e9es de mani\u00e8re l\u00e9gale, transparente et conforme \u00e0 la loi.\u00a0 Les donn\u00e9es personnelles sont collect\u00e9es uniquement pour des finalit\u00e9s pr\u00e9cises, explicites et l\u00e9gitimes. Toute utilisation ult\u00e9rieure incompatible avec ces finalit\u00e9s est interdite sans consentement pr\u00e9alable.\u00a0 Seules les donn\u00e9es pertinentes et n\u00e9cessaires doivent \u00eatre collect\u00e9es.\u00a0 Les ordinateurs fournis par NAC ne doivent pas \u00eatre utilis\u00e9s \u00e0 des fins personnelles.\u00a0 Le temps d\u2019utilisation est monitor\u00e9 par la compagnie et doit co\u00efncider avec les horaires de travail.<\/p>\n\n\n\n<h2 class=\"wp-block-heading has-large-font-size\">Gestion des dossiers physiques<\/h2>\n\n\n\n<p>Tous les dossiers physiques doivent demeurer dans les bureaux de l\u2019entreprise.\u00a0 Les employ\u00e9s pour qui le t\u00e9l\u00e9travail a \u00e9t\u00e9 autoris\u00e9 peuvent num\u00e9riser tout document n\u00e9cessaire \u00e0 leur travail ou utiliser l\u2019information disponible sur le r\u00e9seau.<\/p>\n\n\n\n<h2 class=\"wp-block-heading has-large-font-size\">Protection et s\u00e9curit\u00e9 des donn\u00e9es<\/h2>\n\n\n\n<p>L&rsquo;acc\u00e8s aux donn\u00e9es personnelles et confidentielles est strictement limit\u00e9 aux personnes autoris\u00e9es.\u00a0 NAC met en place des mesures techniques et organisationnelles appropri\u00e9es pour assurer la s\u00e9curit\u00e9 des donn\u00e9es. Cela inclut le chiffrement des donn\u00e9es, l&rsquo;utilisation de pare-feu et la protection des acc\u00e8s par mot de passe.\u00a0 En cas de violation de donn\u00e9es, l&rsquo;entreprise s&rsquo;engage \u00e0 notifier l&rsquo;incident aux autorit\u00e9s comp\u00e9tentes dans les d\u00e9lais l\u00e9gaux, ainsi qu&rsquo;aux personnes concern\u00e9es si n\u00e9cessaire.<\/p>\n\n\n\n<h2 class=\"wp-block-heading has-large-font-size\">Droits des personnes concern\u00e9es<\/h2>\n\n\n\n<p>Les personnes dont les donn\u00e9es sont trait\u00e9es disposent de droits qu&rsquo;elles peuvent exercer :<br>        &#8211; Droit d&rsquo;acc\u00e8s : Demander une copie de leurs donn\u00e9es personnelles.<br>        &#8211; Droit de rectification : Demander la correction de donn\u00e9es incorrectes.<br>        &#8211; Droit \u00e0 l&rsquo;effacement : Demander la suppression de leurs donn\u00e9es, sous certaines conditions.<br>        &#8211; Droit \u00e0 la portabilit\u00e9 : Demander le transfert de leurs donn\u00e9es vers un autre responsable de traitement.<br>        &#8211; Droit d&rsquo;opposition : Refuser certains types de traitement de leurs donn\u00e9es.<\/p>\n\n\n\n<h2 class=\"wp-block-heading has-large-font-size\">Dur\u00e9e de conservation des donn\u00e9es<\/h2>\n\n\n\n<p>Les donn\u00e9es personnelles sont conserv\u00e9es pour la dur\u00e9e n\u00e9cessaire aux finalit\u00e9s pour lesquelles elles ont \u00e9t\u00e9 collect\u00e9es, en conformit\u00e9 avec les exigences l\u00e9gales et r\u00e9glementaires.<\/p>\n\n\n\n<h2 class=\"wp-block-heading has-large-font-size\">Formation et sensibilisation<\/h2>\n\n\n\n<p>NAC assure une formation continue \u00e0 ses employ\u00e9s pour garantir leur compr\u00e9hension des obligations en mati\u00e8re de protection des donn\u00e9es et de confidentialit\u00e9. Un programme de sensibilisation est mis en place pour promouvoir les bonnes pratiques.<\/p>\n\n\n\n<h2 class=\"wp-block-heading has-large-font-size\">Responsabilit\u00e9<\/h2>\n\n\n\n<p>Chaque employ\u00e9 est tenu de respecter les dispositions de cette politique. Toute violation pourra entra\u00eener des mesures disciplinaires, pouvant aller jusqu&rsquo;\u00e0 la r\u00e9siliation du contrat de travail.<\/p>\n\n\n\n<h2 class=\"wp-block-heading has-large-font-size\">Mise \u00e0 jour de la politique<\/h2>\n\n\n\n<p>Cette politique est r\u00e9vis\u00e9e p\u00e9riodiquement pour garantir sa conformit\u00e9 aux \u00e9volutions l\u00e9gislatives et r\u00e9glementaires.<\/p>\n\n\n\n<hr class=\"wp-block-separator has-alpha-channel-opacity is-style-wide\"\/>\n\n\n\n<p>Date d\u2019entr\u00e9e en vigueur : 16 octobre 2024<\/p>\n\n\n\n<p>Responsable de la protection des donn\u00e9es (DPO) : St\u00e9phanie Carrier<\/p>\n","protected":false},"excerpt":{"rendered":"<p>Politique de protection des donn\u00e9es, de confidentialit\u00e9, de gestion des dossiers et d\u2019utilisation du mat\u00e9riel informatique Objectif de la politique L&rsquo;objectif de cette politique est de garantir la protection des donn\u00e9es personnelles et confidentielles trait\u00e9es par 9159-7500 Qu\u00e9bec inc. (ci-apr\u00e8s appel\u00e9 NAC) conform\u00e9ment aux lois applicables, notamment le R\u00e8glement G\u00e9n\u00e9ral sur la Protection des Donn\u00e9es [&hellip;]<\/p>\n","protected":false},"author":3,"featured_media":0,"parent":0,"menu_order":0,"comment_status":"closed","ping_status":"closed","template":"","meta":{"_acf_changed":false,"inline_featured_image":false,"footnotes":""},"class_list":["post-3602","page","type-page","status-publish","hentry"],"acf":[],"yoast_head":"<!-- This site is optimized with the Yoast SEO plugin v27.4 - https:\/\/yoast.com\/product\/yoast-seo-wordpress\/ -->\n<title>Privacy Policy - NAC<\/title>\n<meta name=\"description\" content=\"Privacy Policy\" \/>\n<meta name=\"robots\" content=\"index, follow, max-snippet:-1, max-image-preview:large, max-video-preview:-1\" \/>\n<link rel=\"canonical\" href=\"https:\/\/northamericancabinets.com\/fr\/vie-privee\/\" \/>\n<meta property=\"og:locale\" content=\"fr_CA\" \/>\n<meta property=\"og:type\" content=\"article\" \/>\n<meta property=\"og:title\" content=\"Privacy Policy - NAC\" \/>\n<meta property=\"og:description\" content=\"Privacy Policy\" \/>\n<meta property=\"og:url\" content=\"https:\/\/northamericancabinets.com\/fr\/vie-privee\/\" \/>\n<meta property=\"og:site_name\" content=\"NAC\" \/>\n<meta property=\"article:modified_time\" content=\"2025-03-10T18:13:33+00:00\" \/>\n<meta property=\"og:image\" content=\"https:\/\/northamericancabinets.com\/wp-content\/uploads\/2024\/05\/NAC-LOGO_transparent.png\" \/>\n\t<meta property=\"og:image:width\" content=\"1418\" \/>\n\t<meta property=\"og:image:height\" content=\"536\" \/>\n\t<meta property=\"og:image:type\" content=\"image\/png\" \/>\n<meta name=\"twitter:card\" content=\"summary_large_image\" \/>\n<meta name=\"twitter:label1\" content=\"Estimation du temps de lecture\" \/>\n\t<meta name=\"twitter:data1\" content=\"3 minutes\" \/>\n<script type=\"application\/ld+json\" class=\"yoast-schema-graph\">{\"@context\":\"https:\\\/\\\/schema.org\",\"@graph\":[{\"@type\":\"WebPage\",\"@id\":\"https:\\\/\\\/northamericancabinets.com\\\/fr\\\/vie-privee\\\/\",\"url\":\"https:\\\/\\\/northamericancabinets.com\\\/fr\\\/vie-privee\\\/\",\"name\":\"Privacy Policy - NAC\",\"isPartOf\":{\"@id\":\"https:\\\/\\\/northamericancabinets.com\\\/fr\\\/#website\"},\"datePublished\":\"2022-03-23T00:27:11+00:00\",\"dateModified\":\"2025-03-10T18:13:33+00:00\",\"description\":\"Privacy Policy\",\"breadcrumb\":{\"@id\":\"https:\\\/\\\/northamericancabinets.com\\\/fr\\\/vie-privee\\\/#breadcrumb\"},\"inLanguage\":\"fr-CA\",\"potentialAction\":[{\"@type\":\"ReadAction\",\"target\":[\"https:\\\/\\\/northamericancabinets.com\\\/fr\\\/vie-privee\\\/\"]}]},{\"@type\":\"BreadcrumbList\",\"@id\":\"https:\\\/\\\/northamericancabinets.com\\\/fr\\\/vie-privee\\\/#breadcrumb\",\"itemListElement\":[{\"@type\":\"ListItem\",\"position\":1,\"name\":\"Home\",\"item\":\"https:\\\/\\\/northamericancabinets.com\\\/fr\\\/\"},{\"@type\":\"ListItem\",\"position\":2,\"name\":\"Privacy Policy\"}]},{\"@type\":\"WebSite\",\"@id\":\"https:\\\/\\\/northamericancabinets.com\\\/fr\\\/#website\",\"url\":\"https:\\\/\\\/northamericancabinets.com\\\/fr\\\/\",\"name\":\"North American Cabinets\",\"description\":\"Premium Cabinetery\",\"publisher\":{\"@id\":\"https:\\\/\\\/northamericancabinets.com\\\/fr\\\/#organization\"},\"alternateName\":\"NAC\",\"potentialAction\":[{\"@type\":\"SearchAction\",\"target\":{\"@type\":\"EntryPoint\",\"urlTemplate\":\"https:\\\/\\\/northamericancabinets.com\\\/fr\\\/?s={search_term_string}\"},\"query-input\":{\"@type\":\"PropertyValueSpecification\",\"valueRequired\":true,\"valueName\":\"search_term_string\"}}],\"inLanguage\":\"fr-CA\"},{\"@type\":\"Organization\",\"@id\":\"https:\\\/\\\/northamericancabinets.com\\\/fr\\\/#organization\",\"name\":\"North American Cabinets\",\"alternateName\":\"NAC\",\"url\":\"https:\\\/\\\/northamericancabinets.com\\\/fr\\\/\",\"logo\":{\"@type\":\"ImageObject\",\"inLanguage\":\"fr-CA\",\"@id\":\"https:\\\/\\\/northamericancabinets.com\\\/fr\\\/#\\\/schema\\\/logo\\\/image\\\/\",\"url\":\"https:\\\/\\\/northamericancabinets.com\\\/wp-content\\\/uploads\\\/2024\\\/05\\\/NAC-LOGO_transparent-1.png\",\"contentUrl\":\"https:\\\/\\\/northamericancabinets.com\\\/wp-content\\\/uploads\\\/2024\\\/05\\\/NAC-LOGO_transparent-1.png\",\"width\":1418,\"height\":536,\"caption\":\"North American Cabinets\"},\"image\":{\"@id\":\"https:\\\/\\\/northamericancabinets.com\\\/fr\\\/#\\\/schema\\\/logo\\\/image\\\/\"}}]}<\/script>\n<!-- \/ Yoast SEO plugin. -->","yoast_head_json":{"title":"Privacy Policy - NAC","description":"Privacy Policy","robots":{"index":"index","follow":"follow","max-snippet":"max-snippet:-1","max-image-preview":"max-image-preview:large","max-video-preview":"max-video-preview:-1"},"canonical":"https:\/\/northamericancabinets.com\/fr\/vie-privee\/","og_locale":"fr_CA","og_type":"article","og_title":"Privacy Policy - NAC","og_description":"Privacy Policy","og_url":"https:\/\/northamericancabinets.com\/fr\/vie-privee\/","og_site_name":"NAC","article_modified_time":"2025-03-10T18:13:33+00:00","og_image":[{"width":1418,"height":536,"url":"https:\/\/northamericancabinets.com\/wp-content\/uploads\/2024\/05\/NAC-LOGO_transparent.png","type":"image\/png"}],"twitter_card":"summary_large_image","twitter_misc":{"Estimation du temps de lecture":"3 minutes"},"schema":{"@context":"https:\/\/schema.org","@graph":[{"@type":"WebPage","@id":"https:\/\/northamericancabinets.com\/fr\/vie-privee\/","url":"https:\/\/northamericancabinets.com\/fr\/vie-privee\/","name":"Privacy Policy - NAC","isPartOf":{"@id":"https:\/\/northamericancabinets.com\/fr\/#website"},"datePublished":"2022-03-23T00:27:11+00:00","dateModified":"2025-03-10T18:13:33+00:00","description":"Privacy Policy","breadcrumb":{"@id":"https:\/\/northamericancabinets.com\/fr\/vie-privee\/#breadcrumb"},"inLanguage":"fr-CA","potentialAction":[{"@type":"ReadAction","target":["https:\/\/northamericancabinets.com\/fr\/vie-privee\/"]}]},{"@type":"BreadcrumbList","@id":"https:\/\/northamericancabinets.com\/fr\/vie-privee\/#breadcrumb","itemListElement":[{"@type":"ListItem","position":1,"name":"Home","item":"https:\/\/northamericancabinets.com\/fr\/"},{"@type":"ListItem","position":2,"name":"Privacy Policy"}]},{"@type":"WebSite","@id":"https:\/\/northamericancabinets.com\/fr\/#website","url":"https:\/\/northamericancabinets.com\/fr\/","name":"North American Cabinets","description":"Premium Cabinetery","publisher":{"@id":"https:\/\/northamericancabinets.com\/fr\/#organization"},"alternateName":"NAC","potentialAction":[{"@type":"SearchAction","target":{"@type":"EntryPoint","urlTemplate":"https:\/\/northamericancabinets.com\/fr\/?s={search_term_string}"},"query-input":{"@type":"PropertyValueSpecification","valueRequired":true,"valueName":"search_term_string"}}],"inLanguage":"fr-CA"},{"@type":"Organization","@id":"https:\/\/northamericancabinets.com\/fr\/#organization","name":"North American Cabinets","alternateName":"NAC","url":"https:\/\/northamericancabinets.com\/fr\/","logo":{"@type":"ImageObject","inLanguage":"fr-CA","@id":"https:\/\/northamericancabinets.com\/fr\/#\/schema\/logo\/image\/","url":"https:\/\/northamericancabinets.com\/wp-content\/uploads\/2024\/05\/NAC-LOGO_transparent-1.png","contentUrl":"https:\/\/northamericancabinets.com\/wp-content\/uploads\/2024\/05\/NAC-LOGO_transparent-1.png","width":1418,"height":536,"caption":"North American Cabinets"},"image":{"@id":"https:\/\/northamericancabinets.com\/fr\/#\/schema\/logo\/image\/"}}]}},"collection_large":null,"collection_medium":null,"showroom_medium":null,"showroom_large":null,"point_de_vente_image":null,"custom_excerpt":"","jetpack_sharing_enabled":true,"_links":{"self":[{"href":"https:\/\/northamericancabinets.com\/fr\/wp-json\/wp\/v2\/pages\/3602","targetHints":{"allow":["GET"]}}],"collection":[{"href":"https:\/\/northamericancabinets.com\/fr\/wp-json\/wp\/v2\/pages"}],"about":[{"href":"https:\/\/northamericancabinets.com\/fr\/wp-json\/wp\/v2\/types\/page"}],"author":[{"embeddable":true,"href":"https:\/\/northamericancabinets.com\/fr\/wp-json\/wp\/v2\/users\/3"}],"replies":[{"embeddable":true,"href":"https:\/\/northamericancabinets.com\/fr\/wp-json\/wp\/v2\/comments?post=3602"}],"version-history":[{"count":0,"href":"https:\/\/northamericancabinets.com\/fr\/wp-json\/wp\/v2\/pages\/3602\/revisions"}],"wp:attachment":[{"href":"https:\/\/northamericancabinets.com\/fr\/wp-json\/wp\/v2\/media?parent=3602"}],"curies":[{"name":"wp","href":"https:\/\/api.w.org\/{rel}","templated":true}]}}